{"id":5249,"date":"2021-02-20T15:04:39","date_gmt":"2021-02-20T08:04:39","guid":{"rendered":"https:\/\/thefoodschool.com\/course\/wine-knowledge-the-blind-tasting-challenge\/"},"modified":"2025-07-23T11:44:44","modified_gmt":"2025-07-23T04:44:44","slug":"wine-knowledge-the-blind-tasting-challenge","status":"publish","type":"product","link":"https:\/\/thefoodschool.com\/th\/course\/wine-knowledge-the-blind-tasting-challenge\/","title":{"rendered":"Wine Knowledge: The Blind Tasting Challenge"},"content":{"rendered":"<table class=\"course-details-table -no-border\">\n<tbody>\n<tr>\n<td class=\"ai-optimize-introduction\">\u0e2d\u0e32\u0e22\u0e38\u0e02\u0e2d\u0e07\u0e1c\u0e39\u0e49\u0e40\u0e23\u0e35\u0e22\u0e19<\/td>\n<td>\u0e2d\u0e32\u0e22\u0e38 20 \u0e1b\u0e35\u0e02\u0e36\u0e49\u0e19\u0e44\u0e1b<\/td>\n<\/tr>\n<tr>\n<td>\u0e20\u0e32\u0e29\u0e32\u0e17\u0e35\u0e48\u0e43\u0e0a\u0e49\u0e2a\u0e2d\u0e19<\/td>\n<td>\u0e20\u0e32\u0e29\u0e32\u0e44\u0e17\u0e22 \/ \u0e20\u0e32\u0e29\u0e32\u0e2d\u0e31\u0e07\u0e01\u0e24\u0e29<\/td>\n<\/tr>\n<tr>\n<td>\u0e40\u0e2b\u0e21\u0e32\u0e30\u0e2a\u0e33\u0e2b\u0e23\u0e31\u0e1a<\/td>\n<td>\u0e1a\u0e38\u0e04\u0e04\u0e25\u0e17\u0e31\u0e48\u0e27\u0e44\u0e1b \u0e1c\u0e39\u0e49\u0e17\u0e35\u0e48\u0e15\u0e49\u0e2d\u0e07\u0e01\u0e32\u0e23\u0e2d\u0e31\u0e1b\u0e2a\u0e01\u0e34\u0e25<\/td>\n<\/tr>\n<tr>\n<td>\u0e2a\u0e34\u0e48\u0e07\u0e17\u0e35\u0e48\u0e04\u0e38\u0e13\u0e08\u0e30\u0e44\u0e14\u0e49\u0e23\u0e31\u0e1a<\/td>\n<td>\u0e43\u0e1a\u0e1b\u0e23\u0e30\u0e01\u0e32\u0e28\u0e19\u0e35\u0e22\u0e1a\u0e31\u0e15\u0e23 \u0e08\u0e32\u0e01\u0e40\u0e14\u0e2d\u0e30 \u0e1f\u0e39\u0e49\u0e14 \u0e2a\u0e04\u0e39\u0e25 \u0e41\u0e1a\u0e07\u0e04\u0e2d\u0e01<\/td>\n<\/tr>\n<\/tbody>\n<\/table>\n<h3 class=\"ai-optimize-42\">\u0e2a\u0e34\u0e48\u0e07\u0e17\u0e35\u0e48\u0e04\u0e38\u0e13\u0e08\u0e30\u0e44\u0e14\u0e49\u0e40\u0e23\u0e35\u0e22\u0e19\u0e23\u0e39\u0e49<\/h3>\n<div class=\"ewa-rteLine\">\n<ul>\n<li class=\"ewa-rteLine ai-optimize-41\">\u0e40\u0e23\u0e35\u0e22\u0e19\u0e23\u0e39\u0e49\u0e27\u0e34\u0e18\u0e35\u0e01\u0e32\u0e23\u0e1b\u0e23\u0e30\u0e40\u0e21\u0e34\u0e19\u0e44\u0e27\u0e19\u0e4c\u0e08\u0e32\u0e01\u0e01\u0e32\u0e23\u0e21\u0e2d\u0e07\u0e40\u0e2b\u0e47\u0e19 \u0e01\u0e32\u0e23\u0e14\u0e21\u0e01\u0e25\u0e34\u0e48\u0e19 \u0e41\u0e25\u0e30\u0e01\u0e32\u0e23\u0e0a\u0e34\u0e21<\/li>\n<li class=\"ewa-rteLine ai-optimize-40\">\u0e1d\u0e36\u0e01\u0e1d\u0e19\u0e01\u0e32\u0e23\u0e23\u0e30\u0e1a\u0e38\u0e2a\u0e32\u0e22\u0e1e\u0e31\u0e19\u0e18\u0e38\u0e4c\u0e2d\u0e07\u0e38\u0e48\u0e19\u0e41\u0e25\u0e30\u0e41\u0e2b\u0e25\u0e48\u0e07\u0e1c\u0e25\u0e34\u0e15\u0e17\u0e35\u0e48\u0e2a\u0e33\u0e04\u0e31\u0e0d\u0e42\u0e14\u0e22\u0e44\u0e21\u0e48\u0e14\u0e39\u0e09\u0e25\u0e32\u0e01<\/li>\n<li class=\"ewa-rteLine ai-optimize-42\">\u0e40\u0e2a\u0e23\u0e34\u0e21\u0e2a\u0e23\u0e49\u0e32\u0e07\u0e04\u0e27\u0e32\u0e21\u0e21\u0e31\u0e48\u0e19\u0e43\u0e08\u0e43\u0e19\u0e01\u0e32\u0e23\u0e23\u0e31\u0e1a\u0e23\u0e2a\u0e1c\u0e48\u0e32\u0e19\u0e23\u0e39\u0e1b\u0e41\u0e1a\u0e1a\u0e17\u0e35\u0e48\u0e2a\u0e19\u0e38\u0e01\u0e2a\u0e19\u0e32\u0e19\u0e41\u0e25\u0e30\u0e17\u0e49\u0e32\u0e17\u0e32\u0e22<\/li>\n<\/ul>\n<\/div>\n<h3 class=\"ai-optimize-47\">Recipes<\/h3>\n<ul>\n<li class=\"ai-optimize-41\">Collematoni Rosso di Montalcino 2021<\/li>\n<li class=\"ai-optimize-42\">Cotes du Rh\u00f4ne Le Temps est Venu, Southern Rhone 2022<\/li>\n<li class=\"ai-optimize-43\">CVNE Rioja Vina Real Crianza, Rioja Alavesa 2021<\/li>\n<li class=\"ai-optimize-44\">TWO PADDOCKS. Pinot Noir Picnic 2022<\/li>\n<li class=\"ai-optimize-45\">Ch\u00e2teau Bibian, Cru Bourgeois Sup\u00e9rieur, Haut M\u00e9doc AOC Haut M\u00e9doc 2019<\/li>\n<li class=\"ai-optimize-46\">Schild Estate Cabernet Sauvignon Barossa Valley red 2021<\/li>\n<\/ul>\n","protected":false},"excerpt":{"rendered":"<div class=\"ewa-rteLine\">\n<div class=\"ewa-rteLine\">\u0e1e\u0e31\u0e12\u0e19\u0e32\u0e1b\u0e23\u0e30\u0e2a\u0e32\u0e17\u0e2a\u0e31\u0e21\u0e1c\u0e31\u0e2a\u0e41\u0e25\u0e30\u0e04\u0e27\u0e32\u0e21\u0e21\u0e31\u0e48\u0e19\u0e43\u0e08\u0e43\u0e19\u0e01\u0e32\u0e23\u0e0a\u0e34\u0e21\u0e44\u0e27\u0e19\u0e4c\u0e1c\u0e48\u0e32\u0e19\u0e1b\u0e23\u0e30\u0e2a\u0e1a\u0e01\u0e32\u0e23\u0e13\u0e4c Blind Tasting \u0e2a\u0e38\u0e14\u0e2d\u0e34\u0e19\u0e40\u0e17\u0e2d\u0e23\u0e4c\u0e41\u0e2d\u0e04\u0e17\u0e35\u0e1f \u0e40\u0e23\u0e35\u0e22\u0e19\u0e23\u0e39\u0e49\u0e01\u0e32\u0e23\u0e1b\u0e23\u0e30\u0e40\u0e21\u0e34\u0e19\u0e44\u0e27\u0e19\u0e4c\u0e42\u0e14\u0e22\u0e43\u0e0a\u0e49\u0e40\u0e1e\u0e35\u0e22\u0e07\u0e2a\u0e32\u0e22\u0e15\u0e32 \u0e01\u0e25\u0e34\u0e48\u0e19 \u0e41\u0e25\u0e30\u0e01\u0e32\u0e23\u0e23\u0e31\u0e1a\u0e23\u0e2a\u2014\u0e44\u0e21\u0e48\u0e21\u0e35\u0e09\u0e25\u0e32\u0e01 \u0e21\u0e35\u0e41\u0e04\u0e48\u0e1b\u0e23\u0e30\u0e2a\u0e32\u0e17\u0e2a\u0e31\u0e21\u0e1c\u0e31\u0e2a\u0e02\u0e2d\u0e07\u0e04\u0e38\u0e13\u0e40\u0e17\u0e48\u0e32\u0e19\u0e31\u0e49\u0e19<\/div>\n<div class=\"ewa-rteLine\"><\/div>\n<div class=\"ewa-rteLine\">\u0e17\u0e49\u0e32\u0e17\u0e32\u0e22\u0e15\u0e31\u0e27\u0e40\u0e2d\u0e07\u0e43\u0e19\u0e01\u0e32\u0e23\u0e23\u0e30\u0e1a\u0e38\u0e2a\u0e32\u0e22\u0e1e\u0e31\u0e19\u0e18\u0e38\u0e4c\u0e2d\u0e07\u0e38\u0e48\u0e19\u0e41\u0e25\u0e30\u0e41\u0e2b\u0e25\u0e48\u0e07\u0e1c\u0e25\u0e34\u0e15\u0e43\u0e19\u0e23\u0e39\u0e1b\u0e41\u0e1a\u0e1a\u0e40\u0e01\u0e21 \u0e1e\u0e23\u0e49\u0e2d\u0e21\u0e01\u0e32\u0e23\u0e41\u0e02\u0e48\u0e07\u0e02\u0e31\u0e19\u0e40\u0e1b\u0e47\u0e19\u0e17\u0e35\u0e21 \u0e01\u0e32\u0e23\u0e43\u0e2b\u0e49\u0e04\u0e30\u0e41\u0e19\u0e19 \u0e41\u0e25\u0e30\u0e0a\u0e34\u0e07\u0e23\u0e32\u0e07\u0e27\u0e31\u0e25<\/div>\n<div class=\"ewa-rteLine\"><\/div>\n<div class=\"ewa-rteLine\">\u0e04\u0e38\u0e13\u0e08\u0e30\u0e01\u0e25\u0e31\u0e1a\u0e44\u0e1b\u0e1e\u0e23\u0e49\u0e2d\u0e21\u0e01\u0e31\u0e1a\u0e1b\u0e23\u0e30\u0e2a\u0e32\u0e17\u0e2a\u0e31\u0e21\u0e1c\u0e31\u0e2a\u0e17\u0e35\u0e48\u0e40\u0e09\u0e35\u0e22\u0e1a\u0e04\u0e21\u0e02\u0e36\u0e49\u0e19 \u0e04\u0e27\u0e32\u0e21\u0e21\u0e31\u0e48\u0e19\u0e43\u0e08\u0e43\u0e19\u0e15\u0e31\u0e27\u0e40\u0e2d\u0e07 \u0e41\u0e25\u0e30\u0e21\u0e38\u0e21\u0e21\u0e2d\u0e07\u0e43\u0e2b\u0e21\u0e48\u0e43\u0e19\u0e01\u0e32\u0e23\u0e14\u0e37\u0e48\u0e21\u0e14\u0e48\u0e33\u0e01\u0e31\u0e1a\u0e44\u0e27\u0e19\u0e4c<\/div>\n<div class=\"ewa-rteLine\"><\/div>\n<\/div>\n","protected":false},"featured_media":5231,"template":"","meta":{"inline_featured_image":false},"product_brand":[],"product_cat":[81],"product_tag":[444],"class_list":{"0":"post-5249","1":"product","2":"type-product","3":"status-publish","4":"has-post-thumbnail","6":"product_cat-81","7":"product_tag-wine-th","8":"pa_classdate-2025-10-10-th","9":"course_type-beverages","10":"course_school-guest-instructor","11":"course_monthyear-oct-2025","13":"first","14":"instock","15":"shipping-taxable","16":"purchasable","17":"product-type-variable","18":"has-default-attributes"},"yoast_head":"<!-- This site is optimized with the Yoast SEO Premium plugin v25.2 (Yoast SEO v25.2) - https:\/\/yoast.com\/wordpress\/plugins\/seo\/ -->\n<title>Wine Knowledge: The Blind Tasting Challenge &#8226; The Food School Bangkok<\/title>\n<meta name=\"description\" content=\"\u0e1e\u0e31\u0e12\u0e19\u0e32\u0e1b\u0e23\u0e30\u0e2a\u0e32\u0e17\u0e2a\u0e31\u0e21\u0e1c\u0e31\u0e2a\u0e41\u0e25\u0e30\u0e04\u0e27\u0e32\u0e21\u0e21\u0e31\u0e48\u0e19\u0e43\u0e08\u0e43\u0e19\u0e01\u0e32\u0e23\u0e0a\u0e34\u0e21\u0e44\u0e27\u0e19\u0e4c \u0e1c\u0e48\u0e32\u0e19\u0e1b\u0e23\u0e30\u0e2a\u0e1a\u0e01\u0e32\u0e23\u0e13\u0e4c Blind Tasting \u0e1b\u0e23\u0e30\u0e40\u0e21\u0e34\u0e19\u0e44\u0e27\u0e19\u0e4c\u0e42\u0e14\u0e22\u0e43\u0e0a\u0e49\u0e40\u0e1e\u0e35\u0e22\u0e07\u0e2a\u0e32\u0e22\u0e15\u0e32 \u0e01\u0e25\u0e34\u0e48\u0e19 \u0e41\u0e25\u0e30\u0e01\u0e32\u0e23\u0e23\u0e31\u0e1a\u0e23\u0e2a \u0e21\u0e35\u0e41\u0e04\u0e48\u0e1b\u0e23\u0e30\u0e2a\u0e32\u0e17\u0e2a\u0e31\u0e21\u0e1c\u0e31\u0e2a\u0e02\u0e2d\u0e07\u0e04\u0e38\u0e13\u0e40\u0e17\u0e48\u0e32\u0e19\u0e31\u0e49\u0e19\" \/>\n<meta name=\"robots\" content=\"index, follow, max-snippet:-1, max-image-preview:large, max-video-preview:-1\" \/>\n<link rel=\"canonical\" href=\"https:\/\/thefoodschool.com\/th\/course\/wine-knowledge-the-blind-tasting-challenge\/\" \/>\n<meta property=\"og:locale\" content=\"th_TH\" \/>\n<meta property=\"og:type\" content=\"article\" \/>\n<meta property=\"og:title\" content=\"Wine Knowledge: The Blind Tasting Challenge\" \/>\n<meta property=\"og:description\" content=\"\u0e1e\u0e31\u0e12\u0e19\u0e32\u0e1b\u0e23\u0e30\u0e2a\u0e32\u0e17\u0e2a\u0e31\u0e21\u0e1c\u0e31\u0e2a\u0e41\u0e25\u0e30\u0e04\u0e27\u0e32\u0e21\u0e21\u0e31\u0e48\u0e19\u0e43\u0e08\u0e43\u0e19\u0e01\u0e32\u0e23\u0e0a\u0e34\u0e21\u0e44\u0e27\u0e19\u0e4c \u0e1c\u0e48\u0e32\u0e19\u0e1b\u0e23\u0e30\u0e2a\u0e1a\u0e01\u0e32\u0e23\u0e13\u0e4c Blind Tasting \u0e1b\u0e23\u0e30\u0e40\u0e21\u0e34\u0e19\u0e44\u0e27\u0e19\u0e4c\u0e42\u0e14\u0e22\u0e43\u0e0a\u0e49\u0e40\u0e1e\u0e35\u0e22\u0e07\u0e2a\u0e32\u0e22\u0e15\u0e32 \u0e01\u0e25\u0e34\u0e48\u0e19 \u0e41\u0e25\u0e30\u0e01\u0e32\u0e23\u0e23\u0e31\u0e1a\u0e23\u0e2a \u0e21\u0e35\u0e41\u0e04\u0e48\u0e1b\u0e23\u0e30\u0e2a\u0e32\u0e17\u0e2a\u0e31\u0e21\u0e1c\u0e31\u0e2a\u0e02\u0e2d\u0e07\u0e04\u0e38\u0e13\u0e40\u0e17\u0e48\u0e32\u0e19\u0e31\u0e49\u0e19\" \/>\n<meta property=\"og:url\" content=\"https:\/\/thefoodschool.com\/th\/course\/wine-knowledge-the-blind-tasting-challenge\/\" \/>\n<meta property=\"og:site_name\" content=\"The Food School Bangkok\" \/>\n<meta property=\"article:publisher\" content=\"https:\/\/www.facebook.com\/thefoodschoolbkk\" \/>\n<meta property=\"article:modified_time\" content=\"2025-07-23T04:44:44+00:00\" \/>\n<meta property=\"og:image\" content=\"https:\/\/thefoodschool.com\/wp-content\/uploads\/2025\/07\/Web_BlindTasting.jpg\" \/>\n\t<meta property=\"og:image:width\" content=\"754\" \/>\n\t<meta property=\"og:image:height\" content=\"961\" \/>\n\t<meta property=\"og:image:type\" content=\"image\/jpeg\" \/>\n<meta name=\"twitter:card\" content=\"summary_large_image\" \/>\n<meta name=\"twitter:label1\" content=\"Est. reading time\" \/>\n\t<meta name=\"twitter:data1\" content=\"1 \u0e19\u0e32\u0e17\u0e35\" \/>\n<script type=\"application\/ld+json\" class=\"yoast-schema-graph\">{\"@context\":\"https:\/\/schema.org\",\"@graph\":[{\"@type\":\"WebPage\",\"@id\":\"https:\/\/thefoodschool.com\/th\/course\/wine-knowledge-the-blind-tasting-challenge\/\",\"url\":\"https:\/\/thefoodschool.com\/th\/course\/wine-knowledge-the-blind-tasting-challenge\/\",\"name\":\"Wine Knowledge: The Blind Tasting Challenge &#8226; The Food School Bangkok\",\"isPartOf\":{\"@id\":\"https:\/\/thefoodschool.com\/th\/#website\"},\"primaryImageOfPage\":{\"@id\":\"https:\/\/thefoodschool.com\/th\/course\/wine-knowledge-the-blind-tasting-challenge\/#primaryimage\"},\"image\":{\"@id\":\"https:\/\/thefoodschool.com\/th\/course\/wine-knowledge-the-blind-tasting-challenge\/#primaryimage\"},\"thumbnailUrl\":\"https:\/\/thefoodschool.com\/wp-content\/uploads\/2025\/07\/Web_BlindTasting.jpg\",\"datePublished\":\"2021-02-20T08:04:39+00:00\",\"dateModified\":\"2025-07-23T04:44:44+00:00\",\"description\":\"\u0e1e\u0e31\u0e12\u0e19\u0e32\u0e1b\u0e23\u0e30\u0e2a\u0e32\u0e17\u0e2a\u0e31\u0e21\u0e1c\u0e31\u0e2a\u0e41\u0e25\u0e30\u0e04\u0e27\u0e32\u0e21\u0e21\u0e31\u0e48\u0e19\u0e43\u0e08\u0e43\u0e19\u0e01\u0e32\u0e23\u0e0a\u0e34\u0e21\u0e44\u0e27\u0e19\u0e4c \u0e1c\u0e48\u0e32\u0e19\u0e1b\u0e23\u0e30\u0e2a\u0e1a\u0e01\u0e32\u0e23\u0e13\u0e4c Blind Tasting \u0e1b\u0e23\u0e30\u0e40\u0e21\u0e34\u0e19\u0e44\u0e27\u0e19\u0e4c\u0e42\u0e14\u0e22\u0e43\u0e0a\u0e49\u0e40\u0e1e\u0e35\u0e22\u0e07\u0e2a\u0e32\u0e22\u0e15\u0e32 \u0e01\u0e25\u0e34\u0e48\u0e19 \u0e41\u0e25\u0e30\u0e01\u0e32\u0e23\u0e23\u0e31\u0e1a\u0e23\u0e2a \u0e21\u0e35\u0e41\u0e04\u0e48\u0e1b\u0e23\u0e30\u0e2a\u0e32\u0e17\u0e2a\u0e31\u0e21\u0e1c\u0e31\u0e2a\u0e02\u0e2d\u0e07\u0e04\u0e38\u0e13\u0e40\u0e17\u0e48\u0e32\u0e19\u0e31\u0e49\u0e19\",\"breadcrumb\":{\"@id\":\"https:\/\/thefoodschool.com\/th\/course\/wine-knowledge-the-blind-tasting-challenge\/#breadcrumb\"},\"inLanguage\":\"th\",\"potentialAction\":[{\"@type\":\"ReadAction\",\"target\":[\"https:\/\/thefoodschool.com\/th\/course\/wine-knowledge-the-blind-tasting-challenge\/\"]}]},{\"@type\":\"ImageObject\",\"inLanguage\":\"th\",\"@id\":\"https:\/\/thefoodschool.com\/th\/course\/wine-knowledge-the-blind-tasting-challenge\/#primaryimage\",\"url\":\"https:\/\/thefoodschool.com\/wp-content\/uploads\/2025\/07\/Web_BlindTasting.jpg\",\"contentUrl\":\"https:\/\/thefoodschool.com\/wp-content\/uploads\/2025\/07\/Web_BlindTasting.jpg\",\"width\":754,\"height\":961,\"caption\":\"Blind Tasting Wine\"},{\"@type\":\"BreadcrumbList\",\"@id\":\"https:\/\/thefoodschool.com\/th\/course\/wine-knowledge-the-blind-tasting-challenge\/#breadcrumb\",\"itemListElement\":[{\"@type\":\"ListItem\",\"position\":1,\"name\":\"Home\",\"item\":\"https:\/\/thefoodschool.com\/th\/\"},{\"@type\":\"ListItem\",\"position\":2,\"name\":\"\u0e2b\u0e25\u0e31\u0e01\u0e2a\u0e39\u0e15\u0e23\u0e23\u0e30\u0e22\u0e30\u0e2a\u0e31\u0e49\u0e19\",\"item\":\"https:\/\/thefoodschool.com\/th\/courses\/\"},{\"@type\":\"ListItem\",\"position\":3,\"name\":\"Wine Knowledge: The Blind Tasting Challenge\"}]},{\"@type\":\"WebSite\",\"@id\":\"https:\/\/thefoodschool.com\/th\/#website\",\"url\":\"https:\/\/thefoodschool.com\/th\/\",\"name\":\"The Food School Bangkok\",\"description\":\"\",\"publisher\":{\"@id\":\"https:\/\/thefoodschool.com\/th\/#organization\"},\"potentialAction\":[{\"@type\":\"SearchAction\",\"target\":{\"@type\":\"EntryPoint\",\"urlTemplate\":\"https:\/\/thefoodschool.com\/th\/?s={search_term_string}\"},\"query-input\":{\"@type\":\"PropertyValueSpecification\",\"valueRequired\":true,\"valueName\":\"search_term_string\"}}],\"inLanguage\":\"th\"},{\"@type\":\"Organization\",\"@id\":\"https:\/\/thefoodschool.com\/th\/#organization\",\"name\":\"The Food School Bangkok\",\"url\":\"https:\/\/thefoodschool.com\/th\/\",\"logo\":{\"@type\":\"ImageObject\",\"inLanguage\":\"th\",\"@id\":\"https:\/\/thefoodschool.com\/th\/#\/schema\/logo\/image\/\",\"url\":\"https:\/\/thefoodschool.com\/wp-content\/uploads\/2025\/01\/logo_thefoodschool.svg\",\"contentUrl\":\"https:\/\/thefoodschool.com\/wp-content\/uploads\/2025\/01\/logo_thefoodschool.svg\",\"width\":100,\"height\":100,\"caption\":\"The Food School Bangkok\"},\"image\":{\"@id\":\"https:\/\/thefoodschool.com\/th\/#\/schema\/logo\/image\/\"},\"sameAs\":[\"https:\/\/www.facebook.com\/thefoodschoolbkk\",\"https:\/\/www.instagram.com\/thefoodschoolbkk\"]}]}<\/script>\n<!-- \/ Yoast SEO Premium plugin. -->","yoast_head_json":{"title":"Wine Knowledge: The Blind Tasting Challenge &#8226; The Food School Bangkok","description":"\u0e1e\u0e31\u0e12\u0e19\u0e32\u0e1b\u0e23\u0e30\u0e2a\u0e32\u0e17\u0e2a\u0e31\u0e21\u0e1c\u0e31\u0e2a\u0e41\u0e25\u0e30\u0e04\u0e27\u0e32\u0e21\u0e21\u0e31\u0e48\u0e19\u0e43\u0e08\u0e43\u0e19\u0e01\u0e32\u0e23\u0e0a\u0e34\u0e21\u0e44\u0e27\u0e19\u0e4c \u0e1c\u0e48\u0e32\u0e19\u0e1b\u0e23\u0e30\u0e2a\u0e1a\u0e01\u0e32\u0e23\u0e13\u0e4c Blind Tasting \u0e1b\u0e23\u0e30\u0e40\u0e21\u0e34\u0e19\u0e44\u0e27\u0e19\u0e4c\u0e42\u0e14\u0e22\u0e43\u0e0a\u0e49\u0e40\u0e1e\u0e35\u0e22\u0e07\u0e2a\u0e32\u0e22\u0e15\u0e32 \u0e01\u0e25\u0e34\u0e48\u0e19 \u0e41\u0e25\u0e30\u0e01\u0e32\u0e23\u0e23\u0e31\u0e1a\u0e23\u0e2a \u0e21\u0e35\u0e41\u0e04\u0e48\u0e1b\u0e23\u0e30\u0e2a\u0e32\u0e17\u0e2a\u0e31\u0e21\u0e1c\u0e31\u0e2a\u0e02\u0e2d\u0e07\u0e04\u0e38\u0e13\u0e40\u0e17\u0e48\u0e32\u0e19\u0e31\u0e49\u0e19","robots":{"index":"index","follow":"follow","max-snippet":"max-snippet:-1","max-image-preview":"max-image-preview:large","max-video-preview":"max-video-preview:-1"},"canonical":"https:\/\/thefoodschool.com\/th\/course\/wine-knowledge-the-blind-tasting-challenge\/","og_locale":"th_TH","og_type":"article","og_title":"Wine Knowledge: The Blind Tasting Challenge","og_description":"\u0e1e\u0e31\u0e12\u0e19\u0e32\u0e1b\u0e23\u0e30\u0e2a\u0e32\u0e17\u0e2a\u0e31\u0e21\u0e1c\u0e31\u0e2a\u0e41\u0e25\u0e30\u0e04\u0e27\u0e32\u0e21\u0e21\u0e31\u0e48\u0e19\u0e43\u0e08\u0e43\u0e19\u0e01\u0e32\u0e23\u0e0a\u0e34\u0e21\u0e44\u0e27\u0e19\u0e4c \u0e1c\u0e48\u0e32\u0e19\u0e1b\u0e23\u0e30\u0e2a\u0e1a\u0e01\u0e32\u0e23\u0e13\u0e4c Blind Tasting \u0e1b\u0e23\u0e30\u0e40\u0e21\u0e34\u0e19\u0e44\u0e27\u0e19\u0e4c\u0e42\u0e14\u0e22\u0e43\u0e0a\u0e49\u0e40\u0e1e\u0e35\u0e22\u0e07\u0e2a\u0e32\u0e22\u0e15\u0e32 \u0e01\u0e25\u0e34\u0e48\u0e19 \u0e41\u0e25\u0e30\u0e01\u0e32\u0e23\u0e23\u0e31\u0e1a\u0e23\u0e2a \u0e21\u0e35\u0e41\u0e04\u0e48\u0e1b\u0e23\u0e30\u0e2a\u0e32\u0e17\u0e2a\u0e31\u0e21\u0e1c\u0e31\u0e2a\u0e02\u0e2d\u0e07\u0e04\u0e38\u0e13\u0e40\u0e17\u0e48\u0e32\u0e19\u0e31\u0e49\u0e19","og_url":"https:\/\/thefoodschool.com\/th\/course\/wine-knowledge-the-blind-tasting-challenge\/","og_site_name":"The Food School Bangkok","article_publisher":"https:\/\/www.facebook.com\/thefoodschoolbkk","article_modified_time":"2025-07-23T04:44:44+00:00","og_image":[{"width":754,"height":961,"url":"https:\/\/thefoodschool.com\/wp-content\/uploads\/2025\/07\/Web_BlindTasting.jpg","type":"image\/jpeg"}],"twitter_card":"summary_large_image","twitter_misc":{"Est. reading time":"1 \u0e19\u0e32\u0e17\u0e35"},"schema":{"@context":"https:\/\/schema.org","@graph":[{"@type":"WebPage","@id":"https:\/\/thefoodschool.com\/th\/course\/wine-knowledge-the-blind-tasting-challenge\/","url":"https:\/\/thefoodschool.com\/th\/course\/wine-knowledge-the-blind-tasting-challenge\/","name":"Wine Knowledge: The Blind Tasting Challenge &#8226; The Food School Bangkok","isPartOf":{"@id":"https:\/\/thefoodschool.com\/th\/#website"},"primaryImageOfPage":{"@id":"https:\/\/thefoodschool.com\/th\/course\/wine-knowledge-the-blind-tasting-challenge\/#primaryimage"},"image":{"@id":"https:\/\/thefoodschool.com\/th\/course\/wine-knowledge-the-blind-tasting-challenge\/#primaryimage"},"thumbnailUrl":"https:\/\/thefoodschool.com\/wp-content\/uploads\/2025\/07\/Web_BlindTasting.jpg","datePublished":"2021-02-20T08:04:39+00:00","dateModified":"2025-07-23T04:44:44+00:00","description":"\u0e1e\u0e31\u0e12\u0e19\u0e32\u0e1b\u0e23\u0e30\u0e2a\u0e32\u0e17\u0e2a\u0e31\u0e21\u0e1c\u0e31\u0e2a\u0e41\u0e25\u0e30\u0e04\u0e27\u0e32\u0e21\u0e21\u0e31\u0e48\u0e19\u0e43\u0e08\u0e43\u0e19\u0e01\u0e32\u0e23\u0e0a\u0e34\u0e21\u0e44\u0e27\u0e19\u0e4c \u0e1c\u0e48\u0e32\u0e19\u0e1b\u0e23\u0e30\u0e2a\u0e1a\u0e01\u0e32\u0e23\u0e13\u0e4c Blind Tasting \u0e1b\u0e23\u0e30\u0e40\u0e21\u0e34\u0e19\u0e44\u0e27\u0e19\u0e4c\u0e42\u0e14\u0e22\u0e43\u0e0a\u0e49\u0e40\u0e1e\u0e35\u0e22\u0e07\u0e2a\u0e32\u0e22\u0e15\u0e32 \u0e01\u0e25\u0e34\u0e48\u0e19 \u0e41\u0e25\u0e30\u0e01\u0e32\u0e23\u0e23\u0e31\u0e1a\u0e23\u0e2a \u0e21\u0e35\u0e41\u0e04\u0e48\u0e1b\u0e23\u0e30\u0e2a\u0e32\u0e17\u0e2a\u0e31\u0e21\u0e1c\u0e31\u0e2a\u0e02\u0e2d\u0e07\u0e04\u0e38\u0e13\u0e40\u0e17\u0e48\u0e32\u0e19\u0e31\u0e49\u0e19","breadcrumb":{"@id":"https:\/\/thefoodschool.com\/th\/course\/wine-knowledge-the-blind-tasting-challenge\/#breadcrumb"},"inLanguage":"th","potentialAction":[{"@type":"ReadAction","target":["https:\/\/thefoodschool.com\/th\/course\/wine-knowledge-the-blind-tasting-challenge\/"]}]},{"@type":"ImageObject","inLanguage":"th","@id":"https:\/\/thefoodschool.com\/th\/course\/wine-knowledge-the-blind-tasting-challenge\/#primaryimage","url":"https:\/\/thefoodschool.com\/wp-content\/uploads\/2025\/07\/Web_BlindTasting.jpg","contentUrl":"https:\/\/thefoodschool.com\/wp-content\/uploads\/2025\/07\/Web_BlindTasting.jpg","width":754,"height":961,"caption":"Blind Tasting Wine"},{"@type":"BreadcrumbList","@id":"https:\/\/thefoodschool.com\/th\/course\/wine-knowledge-the-blind-tasting-challenge\/#breadcrumb","itemListElement":[{"@type":"ListItem","position":1,"name":"Home","item":"https:\/\/thefoodschool.com\/th\/"},{"@type":"ListItem","position":2,"name":"\u0e2b\u0e25\u0e31\u0e01\u0e2a\u0e39\u0e15\u0e23\u0e23\u0e30\u0e22\u0e30\u0e2a\u0e31\u0e49\u0e19","item":"https:\/\/thefoodschool.com\/th\/courses\/"},{"@type":"ListItem","position":3,"name":"Wine Knowledge: The Blind Tasting Challenge"}]},{"@type":"WebSite","@id":"https:\/\/thefoodschool.com\/th\/#website","url":"https:\/\/thefoodschool.com\/th\/","name":"The Food School Bangkok","description":"","publisher":{"@id":"https:\/\/thefoodschool.com\/th\/#organization"},"potentialAction":[{"@type":"SearchAction","target":{"@type":"EntryPoint","urlTemplate":"https:\/\/thefoodschool.com\/th\/?s={search_term_string}"},"query-input":{"@type":"PropertyValueSpecification","valueRequired":true,"valueName":"search_term_string"}}],"inLanguage":"th"},{"@type":"Organization","@id":"https:\/\/thefoodschool.com\/th\/#organization","name":"The Food School Bangkok","url":"https:\/\/thefoodschool.com\/th\/","logo":{"@type":"ImageObject","inLanguage":"th","@id":"https:\/\/thefoodschool.com\/th\/#\/schema\/logo\/image\/","url":"https:\/\/thefoodschool.com\/wp-content\/uploads\/2025\/01\/logo_thefoodschool.svg","contentUrl":"https:\/\/thefoodschool.com\/wp-content\/uploads\/2025\/01\/logo_thefoodschool.svg","width":100,"height":100,"caption":"The Food School Bangkok"},"image":{"@id":"https:\/\/thefoodschool.com\/th\/#\/schema\/logo\/image\/"},"sameAs":["https:\/\/www.facebook.com\/thefoodschoolbkk","https:\/\/www.instagram.com\/thefoodschoolbkk"]}]}},"_links":{"self":[{"href":"https:\/\/thefoodschool.com\/th\/wp-json\/wp\/v2\/product\/5249","targetHints":{"allow":["GET"]}}],"collection":[{"href":"https:\/\/thefoodschool.com\/th\/wp-json\/wp\/v2\/product"}],"about":[{"href":"https:\/\/thefoodschool.com\/th\/wp-json\/wp\/v2\/types\/product"}],"wp:featuredmedia":[{"embeddable":true,"href":"https:\/\/thefoodschool.com\/th\/wp-json\/wp\/v2\/media\/5231"}],"wp:attachment":[{"href":"https:\/\/thefoodschool.com\/th\/wp-json\/wp\/v2\/media?parent=5249"}],"wp:term":[{"taxonomy":"product_brand","embeddable":true,"href":"https:\/\/thefoodschool.com\/th\/wp-json\/wp\/v2\/product_brand?post=5249"},{"taxonomy":"product_cat","embeddable":true,"href":"https:\/\/thefoodschool.com\/th\/wp-json\/wp\/v2\/product_cat?post=5249"},{"taxonomy":"product_tag","embeddable":true,"href":"https:\/\/thefoodschool.com\/th\/wp-json\/wp\/v2\/product_tag?post=5249"}],"curies":[{"name":"wp","href":"https:\/\/api.w.org\/{rel}","templated":true}]}}