{"id":7182,"date":"2021-11-10T11:15:05","date_gmt":"2021-11-10T04:15:05","guid":{"rendered":"https:\/\/thefoodschool.com\/?post_type=product&#038;p=7182"},"modified":"2026-02-04T15:10:47","modified_gmt":"2026-02-04T08:10:47","slug":"white-wine","status":"publish","type":"product","link":"https:\/\/thefoodschool.com\/th\/course\/white-wine\/","title":{"rendered":"White Wine Unlocked: Discovering Style, Structure &#038; Confidence"},"content":{"rendered":"<table class=\"course-details-table -no-border\">\n<tbody>\n<tr>\n<td class=\"ai-optimize-introduction\">\u0e2d\u0e32\u0e22\u0e38\u0e02\u0e2d\u0e07\u0e1c\u0e39\u0e49\u0e40\u0e23\u0e35\u0e22\u0e19<\/td>\n<td><span style=\"font-weight: 400;\">\u0e2d\u0e32\u0e22\u0e38 20 \u0e1b\u0e35\u0e02\u0e36\u0e49\u0e19\u0e44\u0e1b \u0e44\u0e21\u0e48\u0e08\u0e33\u0e40\u0e1b\u0e47\u0e19\u0e15\u0e49\u0e2d\u0e07\u0e21\u0e35\u0e1e\u0e37\u0e49\u0e19\u0e10\u0e32\u0e19\u0e21\u0e32\u0e01\u0e48\u0e2d\u0e19<\/span><\/td>\n<\/tr>\n<tr>\n<td>\u0e20\u0e32\u0e29\u0e32\u0e17\u0e35\u0e48\u0e43\u0e0a\u0e49\u0e2a\u0e2d\u0e19<\/td>\n<td>\u0e20\u0e32\u0e29\u0e32\u0e44\u0e17\u0e22 (\u0e2a\u0e32\u0e21\u0e32\u0e23\u0e16\u0e23\u0e49\u0e2d\u0e07\u0e02\u0e2d\u0e25\u0e48\u0e32\u0e21\u0e41\u0e1b\u0e25\u0e20\u0e32\u0e29\u0e32\u0e2d\u0e31\u0e07\u0e01\u0e24\u0e29\u0e44\u0e14\u0e49)<\/td>\n<\/tr>\n<tr>\n<td>\u0e40\u0e2b\u0e21\u0e32\u0e30\u0e2a\u0e33\u0e2b\u0e23\u0e31\u0e1a<\/td>\n<td>\u0e1a\u0e38\u0e04\u0e04\u0e25\u0e17\u0e31\u0e48\u0e27\u0e44\u0e1b \u0e41\u0e25\u0e30\u0e1c\u0e39\u0e49\u0e0a\u0e37\u0e48\u0e19\u0e0a\u0e2d\u0e1a\u0e44\u0e27\u0e19\u0e4c<\/td>\n<\/tr>\n<tr>\n<td>\u0e2a\u0e34\u0e48\u0e07\u0e17\u0e35\u0e48\u0e04\u0e38\u0e13\u0e08\u0e30\u0e44\u0e14\u0e49\u0e23\u0e31\u0e1a<\/td>\n<td>\u0e43\u0e1a\u0e1b\u0e23\u0e30\u0e01\u0e32\u0e28\u0e19\u0e35\u0e22\u0e1a\u0e31\u0e15\u0e23 \u0e08\u0e32\u0e01\u0e40\u0e14\u0e2d\u0e30 \u0e1f\u0e39\u0e49\u0e14 \u0e2a\u0e01\u0e39\u0e25 \u0e41\u0e1a\u0e07\u0e04\u0e2d\u0e01<\/td>\n<\/tr>\n<\/tbody>\n<\/table>\n<h2 class=\"ai-optimize-38\">\u0e2a\u0e34\u0e48\u0e07\u0e17\u0e35\u0e48\u0e04\u0e38\u0e13\u0e08\u0e30\u0e44\u0e14\u0e49\u0e40\u0e23\u0e35\u0e22\u0e19\u0e23\u0e39\u0e49<\/h2>\n<ul>\n<li class=\"ewa-rteLine ai-optimize-43\">\u0e23\u0e39\u0e49\u0e08\u0e31\u0e01\u0e2a\u0e44\u0e15\u0e25\u0e4c\u0e2b\u0e25\u0e31\u0e01\u0e02\u0e2d\u0e07\u0e44\u0e27\u0e19\u0e4c\u0e02\u0e32\u0e27 \u0e15\u0e31\u0e49\u0e07\u0e41\u0e15\u0e48\u0e41\u0e1a\u0e1a\u0e2a\u0e14\u0e43\u0e2a \u0e41\u0e23\u0e48\u0e18\u0e32\u0e15\u0e38\u0e0a\u0e31\u0e14 \u0e44\u0e1b\u0e08\u0e19\u0e16\u0e36\u0e07\u0e41\u0e1a\u0e1a\u0e21\u0e35\u0e01\u0e25\u0e34\u0e48\u0e19\u0e2b\u0e2d\u0e21\u0e42\u0e14\u0e14\u0e40\u0e14\u0e48\u0e19\u0e2b\u0e23\u0e37\u0e2d\u0e40\u0e19\u0e37\u0e49\u0e2d\u0e2a\u0e31\u0e21\u0e1c\u0e31\u0e2a\u0e19\u0e38\u0e48\u0e21\u0e25\u0e30\u0e21\u0e38\u0e19<\/li>\n<li class=\"ewa-rteLine ai-optimize-44\">\u0e40\u0e02\u0e49\u0e32\u0e43\u0e08\u0e27\u0e48\u0e32\u0e44\u0e21\u0e49\u0e42\u0e2d\u0e4a\u0e04 \u0e22\u0e35\u0e2a\u0e15\u0e4c\u0e15\u0e30\u0e01\u0e2d\u0e19 (lees) \u0e01\u0e23\u0e30\u0e1a\u0e27\u0e19\u0e01\u0e32\u0e23\u0e2b\u0e21\u0e31\u0e01\u0e41\u0e1a\u0e1a\u0e21\u0e32\u0e25\u0e2d\u0e25\u0e41\u0e25\u0e01\u0e15\u0e34\u0e01 \u0e41\u0e25\u0e30\u0e40\u0e17\u0e04\u0e19\u0e34\u0e04\u0e2d\u0e37\u0e48\u0e19 \u0e46 \u0e21\u0e35\u0e1c\u0e25\u0e15\u0e48\u0e2d\u0e23\u0e2a\u0e0a\u0e32\u0e15\u0e34\u0e2d\u0e22\u0e48\u0e32\u0e07\u0e44\u0e23<\/li>\n<li class=\"ewa-rteLine ai-optimize-45\">\u0e41\u0e22\u0e01\u0e41\u0e22\u0e30\u0e23\u0e30\u0e14\u0e31\u0e1a\u0e04\u0e27\u0e32\u0e21\u0e2b\u0e27\u0e32\u0e19 \u0e04\u0e27\u0e32\u0e21\u0e40\u0e1b\u0e47\u0e19\u0e01\u0e23\u0e14 \u0e04\u0e27\u0e32\u0e21\u0e2b\u0e19\u0e31\u0e01\u0e40\u0e1a\u0e32\u0e02\u0e2d\u0e07\u0e1a\u0e2d\u0e14\u0e35\u0e49 \u0e41\u0e25\u0e30\u0e15\u0e23\u0e30\u0e01\u0e39\u0e25\u0e01\u0e25\u0e34\u0e48\u0e19\u0e2d\u0e42\u0e23\u0e21\u0e48\u0e32\u0e44\u0e14\u0e49\u0e2d\u0e22\u0e48\u0e32\u0e07\u0e16\u0e39\u0e01\u0e15\u0e49\u0e2d\u0e07<\/li>\n<li class=\"ewa-rteLine ai-optimize-46\">\u0e04\u0e32\u0e14\u0e01\u0e32\u0e23\u0e13\u0e4c\u0e2a\u0e44\u0e15\u0e25\u0e4c\u0e44\u0e27\u0e19\u0e4c\u0e08\u0e32\u0e01\u0e2a\u0e32\u0e22\u0e1e\u0e31\u0e19\u0e18\u0e38\u0e4c\u0e2d\u0e07\u0e38\u0e48\u0e19 \u0e41\u0e2b\u0e25\u0e48\u0e07\u0e1c\u0e25\u0e34\u0e15 \u0e23\u0e30\u0e14\u0e31\u0e1a\u0e41\u0e2d\u0e25\u0e01\u0e2d\u0e2e\u0e2d\u0e25\u0e4c \u0e41\u0e25\u0e30\u0e2a\u0e31\u0e0d\u0e0d\u0e32\u0e13\u0e08\u0e32\u0e01\u0e2a\u0e20\u0e32\u0e1e\u0e20\u0e39\u0e21\u0e34\u0e2d\u0e32\u0e01\u0e32\u0e28<\/li>\n<li class=\"ewa-rteLine ai-optimize-47\">\u0e2a\u0e23\u0e49\u0e32\u0e07\u0e42\u0e1b\u0e23\u0e44\u0e1f\u0e25\u0e4c\u0e04\u0e27\u0e32\u0e21\u0e0a\u0e2d\u0e1a\u0e44\u0e27\u0e19\u0e4c\u0e02\u0e32\u0e27\u0e40\u0e09\u0e1e\u0e32\u0e30\u0e1a\u0e38\u0e04\u0e04\u0e25 \u0e40\u0e1e\u0e37\u0e48\u0e2d\u0e19\u0e33\u0e44\u0e1b\u0e43\u0e0a\u0e49\u0e43\u0e19\u0e01\u0e32\u0e23\u0e40\u0e25\u0e37\u0e2d\u0e01\u0e0b\u0e37\u0e49\u0e2d\u0e43\u0e19\u0e2d\u0e19\u0e32\u0e04\u0e15<\/li>\n<\/ul>\n<h2 class=\"ds-text-h5 bold course-details-topic ai-optimize-42\">\u0e23\u0e32\u0e22\u0e0a\u0e37\u0e48\u0e2d\u0e44\u0e27\u0e19\u0e4c<\/h2>\n<ul class=\"list-details\">\n<li class=\"ai-optimize-48\">Domaine Chainier Clos de Nouys Vouvray Sec (Chenin)<\/li>\n<li class=\"ai-optimize-48\">Weissburgunder Muschelkalk skin contact 2-3 weeks Enderle &amp; Moll 2022<\/li>\n<li class=\"ai-optimize-48\">Soalheiro Soalheiro Granit Alvarinho Mon\u00e7\u00e3o and Melga\u00e7o 2023<\/li>\n<li class=\"ai-optimize-48\">ST. Michael Eppan Gew\u00fcrztraminer Alto Adige DOC<\/li>\n<li class=\"ai-optimize-48\">2021 Muscadet Clos de la Fevrie (7o yo vines on gneiss)<\/li>\n<li class=\"ai-optimize-48\">2023 Chardonnay Village Kumeu River<\/li>\n<\/ul>\n","protected":false},"excerpt":{"rendered":"<p class=\"ai-optimize-19\">\u0e2a\u0e48\u0e07\u0e21\u0e2d\u0e1a\u0e1b\u0e23\u0e30\u0e2a\u0e1a\u0e01\u0e32\u0e23\u0e13\u0e4c\u0e01\u0e32\u0e23\u0e41\u0e19\u0e30\u0e19\u0e33\u0e42\u0e25\u0e01\u0e02\u0e2d\u0e07\u0e44\u0e27\u0e19\u0e4c\u0e02\u0e32\u0e27\u0e2d\u0e22\u0e48\u0e32\u0e07\u0e04\u0e23\u0e1a\u0e16\u0e49\u0e27\u0e19\u0e41\u0e25\u0e30\u0e25\u0e07\u0e21\u0e37\u0e2d\u0e1b\u0e0f\u0e34\u0e1a\u0e31\u0e15\u0e34\u0e08\u0e23\u0e34\u0e07 \u0e0a\u0e48\u0e27\u0e22\u0e43\u0e2b\u0e49\u0e1c\u0e39\u0e49\u0e40\u0e02\u0e49\u0e32\u0e23\u0e48\u0e27\u0e21\u0e2a\u0e32\u0e21\u0e32\u0e23\u0e16\u0e0a\u0e34\u0e21\u0e44\u0e27\u0e19\u0e4c\u0e44\u0e14\u0e49\u0e2d\u0e22\u0e48\u0e32\u0e07\u0e41\u0e21\u0e48\u0e19\u0e22\u0e33 \u0e41\u0e25\u0e30\u0e40\u0e25\u0e37\u0e2d\u0e01\u0e44\u0e27\u0e19\u0e4c\u0e17\u0e35\u0e48\u0e15\u0e23\u0e07\u0e01\u0e31\u0e1a\u0e04\u0e27\u0e32\u0e21\u0e0a\u0e2d\u0e1a\u0e02\u0e2d\u0e07\u0e15\u0e19\u0e40\u0e2d\u0e07\u0e44\u0e14\u0e49\u0e2d\u0e22\u0e48\u0e32\u0e07\u0e21\u0e31\u0e48\u0e19\u0e43\u0e08<\/p>\n","protected":false},"featured_media":7179,"template":"","meta":{"inline_featured_image":false},"product_brand":[],"product_cat":[108,81],"product_tag":[645],"class_list":{"0":"post-7182","1":"product","2":"type-product","3":"status-publish","4":"has-post-thumbnail","6":"product_cat-short-courses-th-th","7":"product_cat-81","8":"product_tag-white-wine-th","9":"pa_classdate-2026-02-19-th","10":"course_type-beverages","11":"course_school-guest-instructor","12":"course_monthyear-feb-2026","14":"first","15":"instock","16":"shipping-taxable","17":"product-type-variable","18":"has-default-attributes"},"yoast_head":"<!-- This site is optimized with the Yoast SEO Premium plugin v25.2 (Yoast SEO v25.2) - https:\/\/yoast.com\/wordpress\/plugins\/seo\/ -->\n<title>White Wine Unlocked: Discovering Style, Structure &amp; Confidence &#8226; The Food School Bangkok<\/title>\n<meta name=\"description\" content=\"\u0e41\u0e19\u0e30\u0e19\u0e33\u0e42\u0e25\u0e01\u0e02\u0e2d\u0e07\u0e44\u0e27\u0e19\u0e4c\u0e02\u0e32\u0e27\u0e2d\u0e22\u0e48\u0e32\u0e07\u0e04\u0e23\u0e1a\u0e16\u0e49\u0e27\u0e19\u0e41\u0e25\u0e30\u0e25\u0e07\u0e21\u0e37\u0e2d\u0e1b\u0e0f\u0e34\u0e1a\u0e31\u0e15\u0e34\u0e08\u0e23\u0e34\u0e07 \u0e0a\u0e48\u0e27\u0e22\u0e43\u0e2b\u0e49\u0e1c\u0e39\u0e49\u0e40\u0e02\u0e49\u0e32\u0e23\u0e48\u0e27\u0e21\u0e2a\u0e32\u0e21\u0e32\u0e23\u0e16\u0e0a\u0e34\u0e21\u0e44\u0e27\u0e19\u0e4c\u0e44\u0e14\u0e49\u0e2d\u0e22\u0e48\u0e32\u0e07\u0e41\u0e21\u0e48\u0e19\u0e22\u0e33 \u0e41\u0e25\u0e30\u0e40\u0e25\u0e37\u0e2d\u0e01\u0e44\u0e27\u0e19\u0e4c\u0e17\u0e35\u0e48\u0e15\u0e23\u0e07\u0e01\u0e31\u0e1a\u0e04\u0e27\u0e32\u0e21\u0e0a\u0e2d\u0e1a\u0e02\u0e2d\u0e07\u0e15\u0e19\u0e40\u0e2d\u0e07\u0e44\u0e14\u0e49\u0e2d\u0e22\u0e48\u0e32\u0e07\u0e21\u0e31\u0e48\u0e19\u0e43\u0e08\" \/>\n<meta name=\"robots\" content=\"index, follow, max-snippet:-1, max-image-preview:large, max-video-preview:-1\" \/>\n<link rel=\"canonical\" href=\"https:\/\/thefoodschool.com\/th\/course\/white-wine\/\" \/>\n<meta property=\"og:locale\" content=\"th_TH\" \/>\n<meta property=\"og:type\" content=\"article\" \/>\n<meta property=\"og:title\" content=\"White Wine Unlocked: Discovering Style, Structure &amp; Confidence\" \/>\n<meta property=\"og:description\" content=\"\u0e41\u0e19\u0e30\u0e19\u0e33\u0e42\u0e25\u0e01\u0e02\u0e2d\u0e07\u0e44\u0e27\u0e19\u0e4c\u0e02\u0e32\u0e27\u0e2d\u0e22\u0e48\u0e32\u0e07\u0e04\u0e23\u0e1a\u0e16\u0e49\u0e27\u0e19\u0e41\u0e25\u0e30\u0e25\u0e07\u0e21\u0e37\u0e2d\u0e1b\u0e0f\u0e34\u0e1a\u0e31\u0e15\u0e34\u0e08\u0e23\u0e34\u0e07 \u0e0a\u0e48\u0e27\u0e22\u0e43\u0e2b\u0e49\u0e1c\u0e39\u0e49\u0e40\u0e02\u0e49\u0e32\u0e23\u0e48\u0e27\u0e21\u0e2a\u0e32\u0e21\u0e32\u0e23\u0e16\u0e0a\u0e34\u0e21\u0e44\u0e27\u0e19\u0e4c\u0e44\u0e14\u0e49\u0e2d\u0e22\u0e48\u0e32\u0e07\u0e41\u0e21\u0e48\u0e19\u0e22\u0e33 \u0e41\u0e25\u0e30\u0e40\u0e25\u0e37\u0e2d\u0e01\u0e44\u0e27\u0e19\u0e4c\u0e17\u0e35\u0e48\u0e15\u0e23\u0e07\u0e01\u0e31\u0e1a\u0e04\u0e27\u0e32\u0e21\u0e0a\u0e2d\u0e1a\u0e02\u0e2d\u0e07\u0e15\u0e19\u0e40\u0e2d\u0e07\u0e44\u0e14\u0e49\u0e2d\u0e22\u0e48\u0e32\u0e07\u0e21\u0e31\u0e48\u0e19\u0e43\u0e08\" \/>\n<meta property=\"og:url\" content=\"https:\/\/thefoodschool.com\/th\/course\/white-wine\/\" \/>\n<meta property=\"og:site_name\" content=\"The Food School Bangkok\" \/>\n<meta property=\"article:publisher\" content=\"https:\/\/www.facebook.com\/thefoodschoolbkk\" \/>\n<meta property=\"article:modified_time\" content=\"2026-02-04T08:10:47+00:00\" \/>\n<meta property=\"og:image\" content=\"https:\/\/thefoodschool.com\/wp-content\/uploads\/2025\/12\/Web_WineWhite.jpg\" \/>\n\t<meta property=\"og:image:width\" content=\"754\" \/>\n\t<meta property=\"og:image:height\" content=\"961\" \/>\n\t<meta property=\"og:image:type\" content=\"image\/jpeg\" \/>\n<meta name=\"twitter:card\" content=\"summary_large_image\" \/>\n<meta name=\"twitter:label1\" content=\"Est. reading time\" \/>\n\t<meta name=\"twitter:data1\" content=\"1 \u0e19\u0e32\u0e17\u0e35\" \/>\n<script type=\"application\/ld+json\" class=\"yoast-schema-graph\">{\"@context\":\"https:\/\/schema.org\",\"@graph\":[{\"@type\":\"WebPage\",\"@id\":\"https:\/\/thefoodschool.com\/th\/course\/white-wine\/\",\"url\":\"https:\/\/thefoodschool.com\/th\/course\/white-wine\/\",\"name\":\"White Wine Unlocked: Discovering Style, Structure & Confidence &#8226; The Food School Bangkok\",\"isPartOf\":{\"@id\":\"https:\/\/thefoodschool.com\/th\/#website\"},\"primaryImageOfPage\":{\"@id\":\"https:\/\/thefoodschool.com\/th\/course\/white-wine\/#primaryimage\"},\"image\":{\"@id\":\"https:\/\/thefoodschool.com\/th\/course\/white-wine\/#primaryimage\"},\"thumbnailUrl\":\"https:\/\/thefoodschool.com\/wp-content\/uploads\/2025\/12\/Web_WineWhite.jpg\",\"datePublished\":\"2021-11-10T04:15:05+00:00\",\"dateModified\":\"2026-02-04T08:10:47+00:00\",\"description\":\"\u0e41\u0e19\u0e30\u0e19\u0e33\u0e42\u0e25\u0e01\u0e02\u0e2d\u0e07\u0e44\u0e27\u0e19\u0e4c\u0e02\u0e32\u0e27\u0e2d\u0e22\u0e48\u0e32\u0e07\u0e04\u0e23\u0e1a\u0e16\u0e49\u0e27\u0e19\u0e41\u0e25\u0e30\u0e25\u0e07\u0e21\u0e37\u0e2d\u0e1b\u0e0f\u0e34\u0e1a\u0e31\u0e15\u0e34\u0e08\u0e23\u0e34\u0e07 \u0e0a\u0e48\u0e27\u0e22\u0e43\u0e2b\u0e49\u0e1c\u0e39\u0e49\u0e40\u0e02\u0e49\u0e32\u0e23\u0e48\u0e27\u0e21\u0e2a\u0e32\u0e21\u0e32\u0e23\u0e16\u0e0a\u0e34\u0e21\u0e44\u0e27\u0e19\u0e4c\u0e44\u0e14\u0e49\u0e2d\u0e22\u0e48\u0e32\u0e07\u0e41\u0e21\u0e48\u0e19\u0e22\u0e33 \u0e41\u0e25\u0e30\u0e40\u0e25\u0e37\u0e2d\u0e01\u0e44\u0e27\u0e19\u0e4c\u0e17\u0e35\u0e48\u0e15\u0e23\u0e07\u0e01\u0e31\u0e1a\u0e04\u0e27\u0e32\u0e21\u0e0a\u0e2d\u0e1a\u0e02\u0e2d\u0e07\u0e15\u0e19\u0e40\u0e2d\u0e07\u0e44\u0e14\u0e49\u0e2d\u0e22\u0e48\u0e32\u0e07\u0e21\u0e31\u0e48\u0e19\u0e43\u0e08\",\"breadcrumb\":{\"@id\":\"https:\/\/thefoodschool.com\/th\/course\/white-wine\/#breadcrumb\"},\"inLanguage\":\"th\",\"potentialAction\":[{\"@type\":\"ReadAction\",\"target\":[\"https:\/\/thefoodschool.com\/th\/course\/white-wine\/\"]}]},{\"@type\":\"ImageObject\",\"inLanguage\":\"th\",\"@id\":\"https:\/\/thefoodschool.com\/th\/course\/white-wine\/#primaryimage\",\"url\":\"https:\/\/thefoodschool.com\/wp-content\/uploads\/2025\/12\/Web_WineWhite.jpg\",\"contentUrl\":\"https:\/\/thefoodschool.com\/wp-content\/uploads\/2025\/12\/Web_WineWhite.jpg\",\"width\":754,\"height\":961,\"caption\":\"To offer a complete, hands-on introduction to the world of white wine, enabling participants to taste with precision and confidently select wines that match their preferences.\"},{\"@type\":\"BreadcrumbList\",\"@id\":\"https:\/\/thefoodschool.com\/th\/course\/white-wine\/#breadcrumb\",\"itemListElement\":[{\"@type\":\"ListItem\",\"position\":1,\"name\":\"Home\",\"item\":\"https:\/\/thefoodschool.com\/th\/\"},{\"@type\":\"ListItem\",\"position\":2,\"name\":\"\u0e2b\u0e25\u0e31\u0e01\u0e2a\u0e39\u0e15\u0e23\u0e23\u0e30\u0e22\u0e30\u0e2a\u0e31\u0e49\u0e19\",\"item\":\"https:\/\/thefoodschool.com\/th\/courses\/\"},{\"@type\":\"ListItem\",\"position\":3,\"name\":\"White Wine Unlocked: Discovering Style, Structure &#038; Confidence\"}]},{\"@type\":\"WebSite\",\"@id\":\"https:\/\/thefoodschool.com\/th\/#website\",\"url\":\"https:\/\/thefoodschool.com\/th\/\",\"name\":\"The Food School Bangkok\",\"description\":\"\",\"publisher\":{\"@id\":\"https:\/\/thefoodschool.com\/th\/#organization\"},\"potentialAction\":[{\"@type\":\"SearchAction\",\"target\":{\"@type\":\"EntryPoint\",\"urlTemplate\":\"https:\/\/thefoodschool.com\/th\/?s={search_term_string}\"},\"query-input\":{\"@type\":\"PropertyValueSpecification\",\"valueRequired\":true,\"valueName\":\"search_term_string\"}}],\"inLanguage\":\"th\"},{\"@type\":\"Organization\",\"@id\":\"https:\/\/thefoodschool.com\/th\/#organization\",\"name\":\"The Food School Bangkok\",\"url\":\"https:\/\/thefoodschool.com\/th\/\",\"logo\":{\"@type\":\"ImageObject\",\"inLanguage\":\"th\",\"@id\":\"https:\/\/thefoodschool.com\/th\/#\/schema\/logo\/image\/\",\"url\":\"https:\/\/thefoodschool.com\/wp-content\/uploads\/2025\/01\/logo_thefoodschool.svg\",\"contentUrl\":\"https:\/\/thefoodschool.com\/wp-content\/uploads\/2025\/01\/logo_thefoodschool.svg\",\"width\":100,\"height\":100,\"caption\":\"The Food School Bangkok\"},\"image\":{\"@id\":\"https:\/\/thefoodschool.com\/th\/#\/schema\/logo\/image\/\"},\"sameAs\":[\"https:\/\/www.facebook.com\/thefoodschoolbkk\",\"https:\/\/www.instagram.com\/thefoodschoolbkk\"]}]}<\/script>\n<!-- \/ Yoast SEO Premium plugin. -->","yoast_head_json":{"title":"White Wine Unlocked: Discovering Style, Structure & Confidence &#8226; The Food School Bangkok","description":"\u0e41\u0e19\u0e30\u0e19\u0e33\u0e42\u0e25\u0e01\u0e02\u0e2d\u0e07\u0e44\u0e27\u0e19\u0e4c\u0e02\u0e32\u0e27\u0e2d\u0e22\u0e48\u0e32\u0e07\u0e04\u0e23\u0e1a\u0e16\u0e49\u0e27\u0e19\u0e41\u0e25\u0e30\u0e25\u0e07\u0e21\u0e37\u0e2d\u0e1b\u0e0f\u0e34\u0e1a\u0e31\u0e15\u0e34\u0e08\u0e23\u0e34\u0e07 \u0e0a\u0e48\u0e27\u0e22\u0e43\u0e2b\u0e49\u0e1c\u0e39\u0e49\u0e40\u0e02\u0e49\u0e32\u0e23\u0e48\u0e27\u0e21\u0e2a\u0e32\u0e21\u0e32\u0e23\u0e16\u0e0a\u0e34\u0e21\u0e44\u0e27\u0e19\u0e4c\u0e44\u0e14\u0e49\u0e2d\u0e22\u0e48\u0e32\u0e07\u0e41\u0e21\u0e48\u0e19\u0e22\u0e33 \u0e41\u0e25\u0e30\u0e40\u0e25\u0e37\u0e2d\u0e01\u0e44\u0e27\u0e19\u0e4c\u0e17\u0e35\u0e48\u0e15\u0e23\u0e07\u0e01\u0e31\u0e1a\u0e04\u0e27\u0e32\u0e21\u0e0a\u0e2d\u0e1a\u0e02\u0e2d\u0e07\u0e15\u0e19\u0e40\u0e2d\u0e07\u0e44\u0e14\u0e49\u0e2d\u0e22\u0e48\u0e32\u0e07\u0e21\u0e31\u0e48\u0e19\u0e43\u0e08","robots":{"index":"index","follow":"follow","max-snippet":"max-snippet:-1","max-image-preview":"max-image-preview:large","max-video-preview":"max-video-preview:-1"},"canonical":"https:\/\/thefoodschool.com\/th\/course\/white-wine\/","og_locale":"th_TH","og_type":"article","og_title":"White Wine Unlocked: Discovering Style, Structure & Confidence","og_description":"\u0e41\u0e19\u0e30\u0e19\u0e33\u0e42\u0e25\u0e01\u0e02\u0e2d\u0e07\u0e44\u0e27\u0e19\u0e4c\u0e02\u0e32\u0e27\u0e2d\u0e22\u0e48\u0e32\u0e07\u0e04\u0e23\u0e1a\u0e16\u0e49\u0e27\u0e19\u0e41\u0e25\u0e30\u0e25\u0e07\u0e21\u0e37\u0e2d\u0e1b\u0e0f\u0e34\u0e1a\u0e31\u0e15\u0e34\u0e08\u0e23\u0e34\u0e07 \u0e0a\u0e48\u0e27\u0e22\u0e43\u0e2b\u0e49\u0e1c\u0e39\u0e49\u0e40\u0e02\u0e49\u0e32\u0e23\u0e48\u0e27\u0e21\u0e2a\u0e32\u0e21\u0e32\u0e23\u0e16\u0e0a\u0e34\u0e21\u0e44\u0e27\u0e19\u0e4c\u0e44\u0e14\u0e49\u0e2d\u0e22\u0e48\u0e32\u0e07\u0e41\u0e21\u0e48\u0e19\u0e22\u0e33 \u0e41\u0e25\u0e30\u0e40\u0e25\u0e37\u0e2d\u0e01\u0e44\u0e27\u0e19\u0e4c\u0e17\u0e35\u0e48\u0e15\u0e23\u0e07\u0e01\u0e31\u0e1a\u0e04\u0e27\u0e32\u0e21\u0e0a\u0e2d\u0e1a\u0e02\u0e2d\u0e07\u0e15\u0e19\u0e40\u0e2d\u0e07\u0e44\u0e14\u0e49\u0e2d\u0e22\u0e48\u0e32\u0e07\u0e21\u0e31\u0e48\u0e19\u0e43\u0e08","og_url":"https:\/\/thefoodschool.com\/th\/course\/white-wine\/","og_site_name":"The Food School Bangkok","article_publisher":"https:\/\/www.facebook.com\/thefoodschoolbkk","article_modified_time":"2026-02-04T08:10:47+00:00","og_image":[{"width":754,"height":961,"url":"https:\/\/thefoodschool.com\/wp-content\/uploads\/2025\/12\/Web_WineWhite.jpg","type":"image\/jpeg"}],"twitter_card":"summary_large_image","twitter_misc":{"Est. reading time":"1 \u0e19\u0e32\u0e17\u0e35"},"schema":{"@context":"https:\/\/schema.org","@graph":[{"@type":"WebPage","@id":"https:\/\/thefoodschool.com\/th\/course\/white-wine\/","url":"https:\/\/thefoodschool.com\/th\/course\/white-wine\/","name":"White Wine Unlocked: Discovering Style, Structure & Confidence &#8226; The Food School Bangkok","isPartOf":{"@id":"https:\/\/thefoodschool.com\/th\/#website"},"primaryImageOfPage":{"@id":"https:\/\/thefoodschool.com\/th\/course\/white-wine\/#primaryimage"},"image":{"@id":"https:\/\/thefoodschool.com\/th\/course\/white-wine\/#primaryimage"},"thumbnailUrl":"https:\/\/thefoodschool.com\/wp-content\/uploads\/2025\/12\/Web_WineWhite.jpg","datePublished":"2021-11-10T04:15:05+00:00","dateModified":"2026-02-04T08:10:47+00:00","description":"\u0e41\u0e19\u0e30\u0e19\u0e33\u0e42\u0e25\u0e01\u0e02\u0e2d\u0e07\u0e44\u0e27\u0e19\u0e4c\u0e02\u0e32\u0e27\u0e2d\u0e22\u0e48\u0e32\u0e07\u0e04\u0e23\u0e1a\u0e16\u0e49\u0e27\u0e19\u0e41\u0e25\u0e30\u0e25\u0e07\u0e21\u0e37\u0e2d\u0e1b\u0e0f\u0e34\u0e1a\u0e31\u0e15\u0e34\u0e08\u0e23\u0e34\u0e07 \u0e0a\u0e48\u0e27\u0e22\u0e43\u0e2b\u0e49\u0e1c\u0e39\u0e49\u0e40\u0e02\u0e49\u0e32\u0e23\u0e48\u0e27\u0e21\u0e2a\u0e32\u0e21\u0e32\u0e23\u0e16\u0e0a\u0e34\u0e21\u0e44\u0e27\u0e19\u0e4c\u0e44\u0e14\u0e49\u0e2d\u0e22\u0e48\u0e32\u0e07\u0e41\u0e21\u0e48\u0e19\u0e22\u0e33 \u0e41\u0e25\u0e30\u0e40\u0e25\u0e37\u0e2d\u0e01\u0e44\u0e27\u0e19\u0e4c\u0e17\u0e35\u0e48\u0e15\u0e23\u0e07\u0e01\u0e31\u0e1a\u0e04\u0e27\u0e32\u0e21\u0e0a\u0e2d\u0e1a\u0e02\u0e2d\u0e07\u0e15\u0e19\u0e40\u0e2d\u0e07\u0e44\u0e14\u0e49\u0e2d\u0e22\u0e48\u0e32\u0e07\u0e21\u0e31\u0e48\u0e19\u0e43\u0e08","breadcrumb":{"@id":"https:\/\/thefoodschool.com\/th\/course\/white-wine\/#breadcrumb"},"inLanguage":"th","potentialAction":[{"@type":"ReadAction","target":["https:\/\/thefoodschool.com\/th\/course\/white-wine\/"]}]},{"@type":"ImageObject","inLanguage":"th","@id":"https:\/\/thefoodschool.com\/th\/course\/white-wine\/#primaryimage","url":"https:\/\/thefoodschool.com\/wp-content\/uploads\/2025\/12\/Web_WineWhite.jpg","contentUrl":"https:\/\/thefoodschool.com\/wp-content\/uploads\/2025\/12\/Web_WineWhite.jpg","width":754,"height":961,"caption":"To offer a complete, hands-on introduction to the world of white wine, enabling participants to taste with precision and confidently select wines that match their preferences."},{"@type":"BreadcrumbList","@id":"https:\/\/thefoodschool.com\/th\/course\/white-wine\/#breadcrumb","itemListElement":[{"@type":"ListItem","position":1,"name":"Home","item":"https:\/\/thefoodschool.com\/th\/"},{"@type":"ListItem","position":2,"name":"\u0e2b\u0e25\u0e31\u0e01\u0e2a\u0e39\u0e15\u0e23\u0e23\u0e30\u0e22\u0e30\u0e2a\u0e31\u0e49\u0e19","item":"https:\/\/thefoodschool.com\/th\/courses\/"},{"@type":"ListItem","position":3,"name":"White Wine Unlocked: Discovering Style, Structure &#038; Confidence"}]},{"@type":"WebSite","@id":"https:\/\/thefoodschool.com\/th\/#website","url":"https:\/\/thefoodschool.com\/th\/","name":"The Food School Bangkok","description":"","publisher":{"@id":"https:\/\/thefoodschool.com\/th\/#organization"},"potentialAction":[{"@type":"SearchAction","target":{"@type":"EntryPoint","urlTemplate":"https:\/\/thefoodschool.com\/th\/?s={search_term_string}"},"query-input":{"@type":"PropertyValueSpecification","valueRequired":true,"valueName":"search_term_string"}}],"inLanguage":"th"},{"@type":"Organization","@id":"https:\/\/thefoodschool.com\/th\/#organization","name":"The Food School Bangkok","url":"https:\/\/thefoodschool.com\/th\/","logo":{"@type":"ImageObject","inLanguage":"th","@id":"https:\/\/thefoodschool.com\/th\/#\/schema\/logo\/image\/","url":"https:\/\/thefoodschool.com\/wp-content\/uploads\/2025\/01\/logo_thefoodschool.svg","contentUrl":"https:\/\/thefoodschool.com\/wp-content\/uploads\/2025\/01\/logo_thefoodschool.svg","width":100,"height":100,"caption":"The Food School Bangkok"},"image":{"@id":"https:\/\/thefoodschool.com\/th\/#\/schema\/logo\/image\/"},"sameAs":["https:\/\/www.facebook.com\/thefoodschoolbkk","https:\/\/www.instagram.com\/thefoodschoolbkk"]}]}},"_links":{"self":[{"href":"https:\/\/thefoodschool.com\/th\/wp-json\/wp\/v2\/product\/7182","targetHints":{"allow":["GET"]}}],"collection":[{"href":"https:\/\/thefoodschool.com\/th\/wp-json\/wp\/v2\/product"}],"about":[{"href":"https:\/\/thefoodschool.com\/th\/wp-json\/wp\/v2\/types\/product"}],"wp:featuredmedia":[{"embeddable":true,"href":"https:\/\/thefoodschool.com\/th\/wp-json\/wp\/v2\/media\/7179"}],"wp:attachment":[{"href":"https:\/\/thefoodschool.com\/th\/wp-json\/wp\/v2\/media?parent=7182"}],"wp:term":[{"taxonomy":"product_brand","embeddable":true,"href":"https:\/\/thefoodschool.com\/th\/wp-json\/wp\/v2\/product_brand?post=7182"},{"taxonomy":"product_cat","embeddable":true,"href":"https:\/\/thefoodschool.com\/th\/wp-json\/wp\/v2\/product_cat?post=7182"},{"taxonomy":"product_tag","embeddable":true,"href":"https:\/\/thefoodschool.com\/th\/wp-json\/wp\/v2\/product_tag?post=7182"}],"curies":[{"name":"wp","href":"https:\/\/api.w.org\/{rel}","templated":true}]}}